{"id":834,"date":"2019-06-03T09:00:25","date_gmt":"2019-06-03T12:00:25","guid":{"rendered":"http:\/\/sincere-weevil.w6.wpsandbox.pro\/?page_id=7"},"modified":"2020-02-28T13:29:41","modified_gmt":"2020-02-28T16:29:41","slug":"about","status":"publish","type":"page","link":"https:\/\/lprad.ufpa.br\/?page_id=834","title":{"rendered":"Sobre"},"content":{"rendered":"\t\t<div data-elementor-type=\"wp-post\" data-elementor-id=\"834\" class=\"elementor elementor-834\" data-elementor-settings=\"[]\">\n\t\t\t\t\t\t<div class=\"elementor-inner\">\n\t\t\t\t\t\t\t<div class=\"elementor-section-wrap\">\n\t\t\t\t\t\t\t<section class=\"elementor-section elementor-top-section elementor-element elementor-element-c6e5409 elementor-section-boxed elementor-section-height-default elementor-section-height-default\" data-id=\"c6e5409\" data-element_type=\"section\">\n\t\t\t\t\t\t<div class=\"elementor-container elementor-column-gap-default\">\n\t\t\t\t\t\t\t<div class=\"elementor-row\">\n\t\t\t\t\t<div class=\"elementor-column elementor-col-100 elementor-top-column elementor-element elementor-element-0aaf62a\" data-id=\"0aaf62a\" data-element_type=\"column\">\n\t\t\t<div class=\"elementor-column-wrap elementor-element-populated\">\n\t\t\t\t\t\t\t<div class=\"elementor-widget-wrap\">\n\t\t\t\t\t\t<div class=\"elementor-element elementor-element-260de7d elementor-widget elementor-widget-heading\" data-id=\"260de7d\" data-element_type=\"widget\" data-widget_type=\"heading.default\">\n\t\t\t\t<div class=\"elementor-widget-container\">\n\t\t\t<h2 class=\"elementor-heading-title elementor-size-default\">Sobre<\/h2>\t\t<\/div>\n\t\t\t\t<\/div>\n\t\t\t\t\t\t<\/div>\n\t\t\t\t\t<\/div>\n\t\t<\/div>\n\t\t\t\t\t\t\t\t<\/div>\n\t\t\t\t\t<\/div>\n\t\t<\/section>\n\t\t\t\t<section class=\"elementor-section elementor-top-section elementor-element elementor-element-c1c815d elementor-section-boxed elementor-section-height-default elementor-section-height-default\" data-id=\"c1c815d\" data-element_type=\"section\">\n\t\t\t\t\t\t<div class=\"elementor-container elementor-column-gap-default\">\n\t\t\t\t\t\t\t<div class=\"elementor-row\">\n\t\t\t\t\t<div class=\"elementor-column elementor-col-100 elementor-top-column elementor-element elementor-element-53bd116\" data-id=\"53bd116\" data-element_type=\"column\">\n\t\t\t<div class=\"elementor-column-wrap elementor-element-populated\">\n\t\t\t\t\t\t\t<div class=\"elementor-widget-wrap\">\n\t\t\t\t\t\t<div class=\"elementor-element elementor-element-e3d4dee elementor-widget elementor-widget-text-editor\" data-id=\"e3d4dee\" data-element_type=\"widget\" data-widget_type=\"text-editor.default\">\n\t\t\t\t<div class=\"elementor-widget-container\">\n\t\t\t\t\t<div class=\"elementor-text-editor elementor-clearfix\"><p>O Laborat\u00f3rio de Planejamento de Redes de Alto Desempenho (LPRAD) \u00e9 um laborat\u00f3rio associado \u00e0 FCT do Instituto de Tecnologia (ITEC) da Universidade Federal do Par\u00e1 (UFPA).\u00a0<\/p><p>O LPRAD se constitui no primeiro laborat\u00f3rio de \u00faltima gera\u00e7\u00e3o em tecnologias de redes de telecomunica\u00e7\u00e3o da regi\u00e3o amaz\u00f4nica. Exerce atividades relacionadas com as diversas tecnologias de redes (cabeadas e sem fio) sob uma \u00f3tica de planejamento visando otimizar ser desempenho. Atrav\u00e9s da utiliza\u00e7\u00e3o de ferramentas de modelagem e simula\u00e7\u00e3o \u00e9 poss\u00edvel modelar uma rede de forma completa com todos os equipamentos. Atrav\u00e9s de simula\u00e7\u00e3o, \u00e9 poss\u00edvel identificar problemas que podem estar ocorrendo com essas redes (queda de conex\u00f5es, lentid\u00e3o, gargalos, etc),\u00a0 situa\u00e7\u00f5es de uso inadequado e propor estrat\u00e9gias de melhorias para as mesmas.<\/p><p>\u00c9 importante salientar que todos os projetos desenvolvidos pelo laborat\u00f3rio j\u00e1 levam em considera\u00e7\u00e3o os requisitos para seguran\u00e7a da informa\u00e7\u00e3o.<\/p><p>O LPRAD conta com uma equipe de 06 pesquisadores doutores, 11 doutorandos, 04 mestrandos e 04 graduandos. E mantem parcerias com institui\u00e7\u00f5es p\u00fablicas e privadas, tais como: CNPq (Conselho Nacional de Desenvolvimento Cient\u00edfico e Tecnol\u00f3gico), CAPES (Coordena\u00e7\u00e3o de Aperfei\u00e7oamento de Pessoal de N\u00edvel Superior), SEDECT (Secretaria de Estado de Desenvolvimento Ci\u00eancia e Tecnologia), FAPESPA (Funda\u00e7\u00e3o de Amparo \u00e0 Pesquisa do Estado do Par\u00e1), Prodepa, Eletronorte, Rede Celpa e Ericsson.<\/p><\/div>\n\t\t\t\t<\/div>\n\t\t\t\t<\/div>\n\t\t\t\t<div class=\"elementor-element elementor-element-f21fb19 elementor-widget elementor-widget-heading\" data-id=\"f21fb19\" data-element_type=\"widget\" data-widget_type=\"heading.default\">\n\t\t\t\t<div class=\"elementor-widget-container\">\n\t\t\t<h3 class=\"elementor-heading-title elementor-size-default\">\u00c1reas de atua\u00e7\u00e3o<\/h3>\t\t<\/div>\n\t\t\t\t<\/div>\n\t\t\t\t\t\t<\/div>\n\t\t\t\t\t<\/div>\n\t\t<\/div>\n\t\t\t\t\t\t\t\t<\/div>\n\t\t\t\t\t<\/div>\n\t\t<\/section>\n\t\t\t\t<section class=\"elementor-section elementor-top-section elementor-element elementor-element-67ac3b5 elementor-section-boxed elementor-section-height-default elementor-section-height-default\" data-id=\"67ac3b5\" data-element_type=\"section\">\n\t\t\t\t\t\t<div class=\"elementor-container elementor-column-gap-default\">\n\t\t\t\t\t\t\t<div class=\"elementor-row\">\n\t\t\t\t\t<div class=\"elementor-column elementor-col-25 elementor-top-column elementor-element elementor-element-e73ae6a\" data-id=\"e73ae6a\" data-element_type=\"column\">\n\t\t\t<div class=\"elementor-column-wrap elementor-element-populated\">\n\t\t\t\t\t\t\t<div class=\"elementor-widget-wrap\">\n\t\t\t\t\t\t<div class=\"elementor-element elementor-element-fbc5d79 elementor-widget elementor-widget-text-editor\" data-id=\"fbc5d79\" data-element_type=\"widget\" data-widget_type=\"text-editor.default\">\n\t\t\t\t<div class=\"elementor-widget-container\">\n\t\t\t\t\t<div class=\"elementor-text-editor elementor-clearfix\"><p>O LPRAD possui um grupo que executa atividades relacionadas com a tecnologia de TV Digital, cujo objetivo \u00e9 investigar ferramentas de apoio \u00e0 padroniza\u00e7\u00e3o ao Sistema Brasileiro de TV Digital (SBTVD), bem como o desenvolvimento de aplica\u00e7\u00f5es e estudo de tecnologias de acesso, que forne\u00e7am suporte ao estudo do Sistema de TV Digital Interativa.<\/p><\/div>\n\t\t\t\t<\/div>\n\t\t\t\t<\/div>\n\t\t\t\t\t\t<\/div>\n\t\t\t\t\t<\/div>\n\t\t<\/div>\n\t\t\t\t<div class=\"elementor-column elementor-col-25 elementor-top-column elementor-element elementor-element-64262bc\" data-id=\"64262bc\" data-element_type=\"column\">\n\t\t\t<div class=\"elementor-column-wrap elementor-element-populated\">\n\t\t\t\t\t\t\t<div class=\"elementor-widget-wrap\">\n\t\t\t\t\t\t<div class=\"elementor-element elementor-element-30f549a elementor-widget elementor-widget-text-editor\" data-id=\"30f549a\" data-element_type=\"widget\" data-widget_type=\"text-editor.default\">\n\t\t\t\t<div class=\"elementor-widget-container\">\n\t\t\t\t\t<div class=\"elementor-text-editor elementor-clearfix\"><p>O LPRAD tamb\u00e9m desenvolve projetos relacionados a \u00e1rea de desenvolvimento de software. Com uma equipe com ampla experi\u00eancia na modelagem, desenvolvimento e implanta\u00e7\u00e3o de softwares, cujas atividades est\u00e3o alinhadas conforme definem melhores pr\u00e1ticas estabelecidas no mercado, sempre tendo como principal diferencial a inova\u00e7\u00e3o tecnol\u00f3gica.<\/p><\/div>\n\t\t\t\t<\/div>\n\t\t\t\t<\/div>\n\t\t\t\t\t\t<\/div>\n\t\t\t\t\t<\/div>\n\t\t<\/div>\n\t\t\t\t<div class=\"elementor-column elementor-col-25 elementor-top-column elementor-element elementor-element-41ff398\" data-id=\"41ff398\" data-element_type=\"column\">\n\t\t\t<div class=\"elementor-column-wrap elementor-element-populated\">\n\t\t\t\t\t\t\t<div class=\"elementor-widget-wrap\">\n\t\t\t\t\t\t<div class=\"elementor-element elementor-element-110e79d elementor-widget elementor-widget-text-editor\" data-id=\"110e79d\" data-element_type=\"widget\" data-widget_type=\"text-editor.default\">\n\t\t\t\t<div class=\"elementor-widget-container\">\n\t\t\t\t\t<div class=\"elementor-text-editor elementor-clearfix\"><p>Outra \u00e1rea de atua\u00e7\u00e3o do LPRAD est\u00e1 relacionada com a infraestrutura de servi\u00e7os de Internet, onde \u00e9 poss\u00edvel realizar o dimensionamento de servidores e outros ativos de rede com defini\u00e7\u00e3o de necessidades de hardware e software para implanta\u00e7\u00e3o desses servi\u00e7os. Vinculado a isso, realiza-se tamb\u00e9m a instala\u00e7\u00e3o l\u00f3gica e configura\u00e7\u00e3o de aplica\u00e7\u00f5es de Internet, principalmente as baseadas em software livre.<\/p><\/div>\n\t\t\t\t<\/div>\n\t\t\t\t<\/div>\n\t\t\t\t\t\t<\/div>\n\t\t\t\t\t<\/div>\n\t\t<\/div>\n\t\t\t\t<div class=\"elementor-column elementor-col-25 elementor-top-column elementor-element elementor-element-75c848a\" data-id=\"75c848a\" data-element_type=\"column\">\n\t\t\t<div class=\"elementor-column-wrap elementor-element-populated\">\n\t\t\t\t\t\t\t<div class=\"elementor-widget-wrap\">\n\t\t\t\t\t\t<div class=\"elementor-element elementor-element-cc04b6b elementor-widget elementor-widget-text-editor\" data-id=\"cc04b6b\" data-element_type=\"widget\" data-widget_type=\"text-editor.default\">\n\t\t\t\t<div class=\"elementor-widget-container\">\n\t\t\t\t\t<div class=\"elementor-text-editor elementor-clearfix\"><p>O LPRAD realiza tamb\u00e9m consultoria em seguran\u00e7a da informa\u00e7\u00e3o, atrav\u00e9s de avalia\u00e7\u00f5es e testes de penetra\u00e7\u00e3o em sistemas de Internet, detectando poss\u00edveis pontos que podem comprometer a seguran\u00e7a dos dados da empresa. Por meio destas\u00a0 an\u00e1lises, \u00e9 criado um plano que aponta as principais medidas que podem ser tomadas para aumentar o n\u00edvel de seguran\u00e7a das informa\u00e7\u00f5es. A partir desse plano, as pol\u00edticas de seguran\u00e7a s\u00e3o implementadas.<\/p><\/div>\n\t\t\t\t<\/div>\n\t\t\t\t<\/div>\n\t\t\t\t\t\t<\/div>\n\t\t\t\t\t<\/div>\n\t\t<\/div>\n\t\t\t\t\t\t\t\t<\/div>\n\t\t\t\t\t<\/div>\n\t\t<\/section>\n\t\t\t\t<section class=\"elementor-section elementor-top-section elementor-element elementor-element-74dd1d9 elementor-section-boxed elementor-section-height-default elementor-section-height-default\" data-id=\"74dd1d9\" data-element_type=\"section\">\n\t\t\t\t\t\t<div class=\"elementor-container elementor-column-gap-default\">\n\t\t\t\t\t\t\t<div class=\"elementor-row\">\n\t\t\t\t\t<div class=\"elementor-column elementor-col-100 elementor-top-column elementor-element elementor-element-18bb032\" data-id=\"18bb032\" data-element_type=\"column\">\n\t\t\t<div class=\"elementor-column-wrap elementor-element-populated\">\n\t\t\t\t\t\t\t<div class=\"elementor-widget-wrap\">\n\t\t\t\t\t\t<div class=\"elementor-element elementor-element-a354f9a elementor-widget elementor-widget-heading\" data-id=\"a354f9a\" data-element_type=\"widget\" data-widget_type=\"heading.default\">\n\t\t\t\t<div class=\"elementor-widget-container\">\n\t\t\t<h3 class=\"elementor-heading-title elementor-size-default\">\nTecnologias trabalhadas<\/h3>\t\t<\/div>\n\t\t\t\t<\/div>\n\t\t\t\t\t\t<\/div>\n\t\t\t\t\t<\/div>\n\t\t<\/div>\n\t\t\t\t\t\t\t\t<\/div>\n\t\t\t\t\t<\/div>\n\t\t<\/section>\n\t\t\t\t<section class=\"elementor-section elementor-top-section elementor-element elementor-element-9b86c87 elementor-section-boxed elementor-section-height-default elementor-section-height-default\" data-id=\"9b86c87\" data-element_type=\"section\">\n\t\t\t\t\t\t<div class=\"elementor-container elementor-column-gap-default\">\n\t\t\t\t\t\t\t<div class=\"elementor-row\">\n\t\t\t\t\t<div class=\"elementor-column elementor-col-100 elementor-top-column elementor-element elementor-element-39b4390\" data-id=\"39b4390\" data-element_type=\"column\">\n\t\t\t<div class=\"elementor-column-wrap elementor-element-populated\">\n\t\t\t\t\t\t\t<div class=\"elementor-widget-wrap\">\n\t\t\t\t\t\t<div class=\"elementor-element elementor-element-bf46dc3 elementor-widget elementor-widget-text-editor\" data-id=\"bf46dc3\" data-element_type=\"widget\" data-widget_type=\"text-editor.default\">\n\t\t\t\t<div class=\"elementor-widget-container\">\n\t\t\t\t\t<div class=\"elementor-text-editor elementor-clearfix\"><ul><li>Ethernet (10,100 e 1000 Mbps)<\/li><li>xDSL (linha de assinante digital com todas as suas varia\u00e7\u00f5es: ADSL, ADSL2, VDSL, etc)<\/li><li>Fibras \u00f3pticas<\/li><li>Wifi (802.11)<\/li><li>GSM (2\u00aa Gera\u00e7\u00e3o da telefonia m\u00f3vel)<\/li><li>UMTS (3\u00aa Gera\u00e7\u00e3o da telefonia m\u00f3vel)<\/li><li>WiMAX (4G)e LTE (4G)<\/li><li>PLC (Power Line Communication).<\/li><\/ul><\/div>\n\t\t\t\t<\/div>\n\t\t\t\t<\/div>\n\t\t\t\t\t\t<\/div>\n\t\t\t\t\t<\/div>\n\t\t<\/div>\n\t\t\t\t\t\t\t\t<\/div>\n\t\t\t\t\t<\/div>\n\t\t<\/section>\n\t\t\t\t\t\t<\/div>\n\t\t\t\t\t\t<\/div>\n\t\t\t\t\t<\/div>\n\t\t","protected":false},"excerpt":{"rendered":"<p>Sobre O Laborat\u00f3rio de Planejamento de Redes de Alto Desempenho (LPRAD) \u00e9 um laborat\u00f3rio associado \u00e0 FCT do Instituto de Tecnologia (ITEC) da Universidade Federal do Par\u00e1 (UFPA).\u00a0 O LPRAD se constitui no primeiro laborat\u00f3rio de \u00faltima gera\u00e7\u00e3o em tecnologias de redes de telecomunica\u00e7\u00e3o da regi\u00e3o amaz\u00f4nica. Exerce atividades relacionadas com as diversas tecnologias de [&hellip;]<\/p>\n","protected":false},"author":1,"featured_media":0,"parent":0,"menu_order":1,"comment_status":"closed","ping_status":"closed","template":"page-templates\/pagebuilder.php","meta":[],"_links":{"self":[{"href":"https:\/\/lprad.ufpa.br\/index.php?rest_route=\/wp\/v2\/pages\/834"}],"collection":[{"href":"https:\/\/lprad.ufpa.br\/index.php?rest_route=\/wp\/v2\/pages"}],"about":[{"href":"https:\/\/lprad.ufpa.br\/index.php?rest_route=\/wp\/v2\/types\/page"}],"author":[{"embeddable":true,"href":"https:\/\/lprad.ufpa.br\/index.php?rest_route=\/wp\/v2\/users\/1"}],"replies":[{"embeddable":true,"href":"https:\/\/lprad.ufpa.br\/index.php?rest_route=%2Fwp%2Fv2%2Fcomments&post=834"}],"version-history":[{"count":40,"href":"https:\/\/lprad.ufpa.br\/index.php?rest_route=\/wp\/v2\/pages\/834\/revisions"}],"predecessor-version":[{"id":1255,"href":"https:\/\/lprad.ufpa.br\/index.php?rest_route=\/wp\/v2\/pages\/834\/revisions\/1255"}],"wp:attachment":[{"href":"https:\/\/lprad.ufpa.br\/index.php?rest_route=%2Fwp%2Fv2%2Fmedia&parent=834"}],"curies":[{"name":"wp","href":"https:\/\/api.w.org\/{rel}","templated":true}]}}